{"id":256,"date":"2026-03-15T21:09:47","date_gmt":"2026-03-15T21:09:47","guid":{"rendered":"https:\/\/andrzejowka-janowiec.pl\/?page_id=256"},"modified":"2026-04-04T19:58:54","modified_gmt":"2026-04-04T19:58:54","slug":"domek-ogrodnika","status":"publish","type":"page","link":"https:\/\/andrzejowka-janowiec.pl\/en\/domek-ogrodnika\/","title":{"rendered":"Domek Ogrodnika"},"content":{"rendered":"<div class=\"wp-block-group alignfull is-style-ext-preset--group--natural-1--section ext-animate--on has-background-background-color has-background has-global-padding is-layout-constrained wp-block-group-is-layout-constrained\" style=\"margin-top:0;margin-bottom:0;padding-top:var(--wp--preset--spacing--70);padding-bottom:var(--wp--preset--spacing--70)\">\n<div class=\"wp-block-columns alignwide are-vertically-aligned-center ext-animate--on is-layout-flex wp-container-core-columns-is-layout-174606dc wp-block-columns-is-layout-flex\">\n<div class=\"wp-block-column is-vertically-aligned-center ext-animate--on is-layout-flow wp-block-column-is-layout-flow\">\n<h2 class=\"wp-block-heading ext-animate--on\"><\/h2>\n\n\n\n<p class=\"ext-animate--on\" style=\"margin-top:1.5rem\">Domek znajduje si\u0119 w wydzielonej cz\u0119\u015bci ogrodu do wy\u0142\u0105cznej dyspozycji jego go\u015bci.  Jest przeznaczony dla maksymalnie 4 os\u00f3b. Ma niewielk\u0105 werand\u0119, a obok cz\u0119\u015b\u0107 rekreacyjn\u0105 z piecem do grillowania. Wn\u0119trze jest dwupoziomowe. Na parterze jest niedu\u017cy salonik z aneksem kuchennym, a na antresoli sypialnia. <\/p>\n\n\n\n<p>Wyposa\u017cenie<\/p>\n\n\n\n<ul class=\"wp-block-list\">\n<li>w pe\u0142ni wyposa\u017cony aneks kuchenny <\/li>\n\n\n\n<li>\u0142azienka<\/li>\n\n\n\n<li>kanapa rozk\u0142adana<\/li>\n\n\n\n<li>dwuosobowy materac na antresoli<\/li>\n\n\n\n<li>TV<\/li>\n\n\n\n<li>Wi-Fi<\/li>\n\n\n\n<li>kominek<\/li>\n<\/ul>\n<\/div>\n\n\n\n<div class=\"wp-block-column is-vertically-aligned-center ext-animate--on is-layout-flow wp-block-column-is-layout-flow\">\n<figure class=\"wp-block-image size-large\"><img loading=\"lazy\" decoding=\"async\" width=\"1024\" height=\"682\" src=\"https:\/\/andrzejowka-janowiec.pl\/wp-content\/uploads\/2026\/03\/Andrzejowka5-1024x682.jpg\" alt=\"\" class=\"wp-image-169\" srcset=\"https:\/\/andrzejowka-janowiec.pl\/wp-content\/uploads\/2026\/03\/Andrzejowka5-1024x682.jpg 1024w, https:\/\/andrzejowka-janowiec.pl\/wp-content\/uploads\/2026\/03\/Andrzejowka5-300x200.jpg 300w, https:\/\/andrzejowka-janowiec.pl\/wp-content\/uploads\/2026\/03\/Andrzejowka5-768x512.jpg 768w, https:\/\/andrzejowka-janowiec.pl\/wp-content\/uploads\/2026\/03\/Andrzejowka5-18x12.jpg 18w, https:\/\/andrzejowka-janowiec.pl\/wp-content\/uploads\/2026\/03\/Andrzejowka5.jpg 1280w\" sizes=\"auto, (max-width: 1024px) 100vw, 1024px\" \/><\/figure>\n<\/div>\n<\/div>\n<\/div>\n\n\n\n<div class=\"wp-block-group alignfull is-style-ext-preset--group--natural-1--section ext-animate--on has-tertiary-background-color has-background has-global-padding is-layout-constrained wp-container-core-group-is-layout-f72f1611 wp-block-group-is-layout-constrained\" style=\"margin-top:0;margin-bottom:0;padding-top:var(--wp--preset--spacing--70);padding-bottom:var(--wp--preset--spacing--70)\">\n<div class=\"wp-block-group alignwide ext-is-logical-start ext-animate--on has-global-padding is-content-justification-left is-layout-constrained wp-container-core-group-is-layout-6729bdbe wp-block-group-is-layout-constrained\">\n<h2 class=\"wp-block-heading ext-animate--on\"><\/h2>\n<\/div>\n\n\n\n<figure class=\"wp-block-gallery has-nested-images columns-default is-cropped ext-animate--on wp-block-gallery-3 is-layout-flex wp-block-gallery-is-layout-flex\">\n<figure class=\"wp-block-image size-large\"><img loading=\"lazy\" decoding=\"async\" width=\"1024\" height=\"682\" data-id=\"170\" src=\"https:\/\/andrzejowka-janowiec.pl\/wp-content\/uploads\/2026\/03\/Andrzejowka6-1024x682.jpg\" alt=\"\" class=\"wp-image-170\" srcset=\"https:\/\/andrzejowka-janowiec.pl\/wp-content\/uploads\/2026\/03\/Andrzejowka6-1024x682.jpg 1024w, https:\/\/andrzejowka-janowiec.pl\/wp-content\/uploads\/2026\/03\/Andrzejowka6-300x200.jpg 300w, https:\/\/andrzejowka-janowiec.pl\/wp-content\/uploads\/2026\/03\/Andrzejowka6-768x512.jpg 768w, https:\/\/andrzejowka-janowiec.pl\/wp-content\/uploads\/2026\/03\/Andrzejowka6-18x12.jpg 18w, https:\/\/andrzejowka-janowiec.pl\/wp-content\/uploads\/2026\/03\/Andrzejowka6.jpg 1280w\" sizes=\"auto, (max-width: 1024px) 100vw, 1024px\" \/><\/figure>\n\n\n\n<figure class=\"wp-block-image size-large\"><img loading=\"lazy\" decoding=\"async\" width=\"1024\" height=\"683\" data-id=\"178\" src=\"https:\/\/andrzejowka-janowiec.pl\/wp-content\/uploads\/2026\/03\/Andrzejowka114-1024x683.jpg\" alt=\"\" class=\"wp-image-178\" srcset=\"https:\/\/andrzejowka-janowiec.pl\/wp-content\/uploads\/2026\/03\/Andrzejowka114-1024x683.jpg 1024w, https:\/\/andrzejowka-janowiec.pl\/wp-content\/uploads\/2026\/03\/Andrzejowka114-300x200.jpg 300w, https:\/\/andrzejowka-janowiec.pl\/wp-content\/uploads\/2026\/03\/Andrzejowka114-768x512.jpg 768w, https:\/\/andrzejowka-janowiec.pl\/wp-content\/uploads\/2026\/03\/Andrzejowka114-18x12.jpg 18w, https:\/\/andrzejowka-janowiec.pl\/wp-content\/uploads\/2026\/03\/Andrzejowka114.jpg 1476w\" sizes=\"auto, (max-width: 1024px) 100vw, 1024px\" \/><\/figure>\n\n\n\n<figure class=\"wp-block-image size-large\"><img loading=\"lazy\" decoding=\"async\" width=\"1024\" height=\"526\" data-id=\"181\" src=\"https:\/\/andrzejowka-janowiec.pl\/wp-content\/uploads\/2026\/03\/IMG_6841-1024x526.jpg\" alt=\"\" class=\"wp-image-181\" srcset=\"https:\/\/andrzejowka-janowiec.pl\/wp-content\/uploads\/2026\/03\/IMG_6841-1024x526.jpg 1024w, https:\/\/andrzejowka-janowiec.pl\/wp-content\/uploads\/2026\/03\/IMG_6841-300x154.jpg 300w, https:\/\/andrzejowka-janowiec.pl\/wp-content\/uploads\/2026\/03\/IMG_6841-768x395.jpg 768w, https:\/\/andrzejowka-janowiec.pl\/wp-content\/uploads\/2026\/03\/IMG_6841-18x9.jpg 18w, https:\/\/andrzejowka-janowiec.pl\/wp-content\/uploads\/2026\/03\/IMG_6841.jpg 1280w\" sizes=\"auto, (max-width: 1024px) 100vw, 1024px\" \/><\/figure>\n\n\n\n<figure class=\"wp-block-image size-large\"><img loading=\"lazy\" decoding=\"async\" width=\"755\" height=\"1024\" data-id=\"180\" src=\"https:\/\/andrzejowka-janowiec.pl\/wp-content\/uploads\/2026\/03\/IMG_6838-755x1024.jpg\" alt=\"\" class=\"wp-image-180\" srcset=\"https:\/\/andrzejowka-janowiec.pl\/wp-content\/uploads\/2026\/03\/IMG_6838-755x1024.jpg 755w, https:\/\/andrzejowka-janowiec.pl\/wp-content\/uploads\/2026\/03\/IMG_6838-221x300.jpg 221w, https:\/\/andrzejowka-janowiec.pl\/wp-content\/uploads\/2026\/03\/IMG_6838-768x1041.jpg 768w, https:\/\/andrzejowka-janowiec.pl\/wp-content\/uploads\/2026\/03\/IMG_6838-9x12.jpg 9w, https:\/\/andrzejowka-janowiec.pl\/wp-content\/uploads\/2026\/03\/IMG_6838.jpg 944w\" sizes=\"auto, (max-width: 755px) 100vw, 755px\" \/><\/figure>\n\n\n\n<figure class=\"wp-block-image size-large\"><img loading=\"lazy\" decoding=\"async\" width=\"1024\" height=\"768\" data-id=\"179\" src=\"https:\/\/andrzejowka-janowiec.pl\/wp-content\/uploads\/2026\/03\/IMG_6831-1024x768.jpg\" alt=\"\" class=\"wp-image-179\" srcset=\"https:\/\/andrzejowka-janowiec.pl\/wp-content\/uploads\/2026\/03\/IMG_6831-1024x768.jpg 1024w, https:\/\/andrzejowka-janowiec.pl\/wp-content\/uploads\/2026\/03\/IMG_6831-300x225.jpg 300w, https:\/\/andrzejowka-janowiec.pl\/wp-content\/uploads\/2026\/03\/IMG_6831-768x576.jpg 768w, https:\/\/andrzejowka-janowiec.pl\/wp-content\/uploads\/2026\/03\/IMG_6831-16x12.jpg 16w, https:\/\/andrzejowka-janowiec.pl\/wp-content\/uploads\/2026\/03\/IMG_6831.jpg 1280w\" sizes=\"auto, (max-width: 1024px) 100vw, 1024px\" \/><\/figure>\n\n\n\n<figure class=\"wp-block-image size-large\"><img loading=\"lazy\" decoding=\"async\" width=\"1024\" height=\"683\" data-id=\"177\" src=\"https:\/\/andrzejowka-janowiec.pl\/wp-content\/uploads\/2026\/03\/Andrzejowka113-1024x683.jpg\" alt=\"\" class=\"wp-image-177\" srcset=\"https:\/\/andrzejowka-janowiec.pl\/wp-content\/uploads\/2026\/03\/Andrzejowka113-1024x683.jpg 1024w, https:\/\/andrzejowka-janowiec.pl\/wp-content\/uploads\/2026\/03\/Andrzejowka113-300x200.jpg 300w, https:\/\/andrzejowka-janowiec.pl\/wp-content\/uploads\/2026\/03\/Andrzejowka113-768x512.jpg 768w, https:\/\/andrzejowka-janowiec.pl\/wp-content\/uploads\/2026\/03\/Andrzejowka113-18x12.jpg 18w, https:\/\/andrzejowka-janowiec.pl\/wp-content\/uploads\/2026\/03\/Andrzejowka113.jpg 1476w\" sizes=\"auto, (max-width: 1024px) 100vw, 1024px\" \/><\/figure>\n\n\n\n<figure class=\"wp-block-image size-large\"><img loading=\"lazy\" decoding=\"async\" width=\"1024\" height=\"682\" data-id=\"175\" src=\"https:\/\/andrzejowka-janowiec.pl\/wp-content\/uploads\/2026\/03\/Andrzejowka27-1024x682.jpg\" alt=\"\" class=\"wp-image-175\" srcset=\"https:\/\/andrzejowka-janowiec.pl\/wp-content\/uploads\/2026\/03\/Andrzejowka27-1024x682.jpg 1024w, https:\/\/andrzejowka-janowiec.pl\/wp-content\/uploads\/2026\/03\/Andrzejowka27-300x200.jpg 300w, https:\/\/andrzejowka-janowiec.pl\/wp-content\/uploads\/2026\/03\/Andrzejowka27-768x512.jpg 768w, https:\/\/andrzejowka-janowiec.pl\/wp-content\/uploads\/2026\/03\/Andrzejowka27-18x12.jpg 18w, https:\/\/andrzejowka-janowiec.pl\/wp-content\/uploads\/2026\/03\/Andrzejowka27.jpg 1280w\" sizes=\"auto, (max-width: 1024px) 100vw, 1024px\" \/><\/figure>\n\n\n\n<figure class=\"wp-block-image size-large\"><img loading=\"lazy\" decoding=\"async\" width=\"1024\" height=\"682\" data-id=\"174\" src=\"https:\/\/andrzejowka-janowiec.pl\/wp-content\/uploads\/2026\/03\/Andrzejowka24-1024x682.jpg\" alt=\"\" class=\"wp-image-174\" srcset=\"https:\/\/andrzejowka-janowiec.pl\/wp-content\/uploads\/2026\/03\/Andrzejowka24-1024x682.jpg 1024w, https:\/\/andrzejowka-janowiec.pl\/wp-content\/uploads\/2026\/03\/Andrzejowka24-300x200.jpg 300w, https:\/\/andrzejowka-janowiec.pl\/wp-content\/uploads\/2026\/03\/Andrzejowka24-768x512.jpg 768w, https:\/\/andrzejowka-janowiec.pl\/wp-content\/uploads\/2026\/03\/Andrzejowka24-18x12.jpg 18w, https:\/\/andrzejowka-janowiec.pl\/wp-content\/uploads\/2026\/03\/Andrzejowka24.jpg 1280w\" sizes=\"auto, (max-width: 1024px) 100vw, 1024px\" \/><\/figure>\n\n\n\n<figure class=\"wp-block-image size-large\"><img loading=\"lazy\" decoding=\"async\" width=\"1024\" height=\"462\" data-id=\"173\" src=\"https:\/\/andrzejowka-janowiec.pl\/wp-content\/uploads\/2026\/03\/Andrzejowka12-1024x462.jpg\" alt=\"\" class=\"wp-image-173\" srcset=\"https:\/\/andrzejowka-janowiec.pl\/wp-content\/uploads\/2026\/03\/Andrzejowka12-1024x462.jpg 1024w, https:\/\/andrzejowka-janowiec.pl\/wp-content\/uploads\/2026\/03\/Andrzejowka12-300x135.jpg 300w, https:\/\/andrzejowka-janowiec.pl\/wp-content\/uploads\/2026\/03\/Andrzejowka12-768x346.jpg 768w, https:\/\/andrzejowka-janowiec.pl\/wp-content\/uploads\/2026\/03\/Andrzejowka12-18x8.jpg 18w, https:\/\/andrzejowka-janowiec.pl\/wp-content\/uploads\/2026\/03\/Andrzejowka12.jpg 1280w\" sizes=\"auto, (max-width: 1024px) 100vw, 1024px\" \/><\/figure>\n\n\n\n<figure class=\"wp-block-image size-large\"><img loading=\"lazy\" decoding=\"async\" width=\"1024\" height=\"371\" data-id=\"172\" src=\"https:\/\/andrzejowka-janowiec.pl\/wp-content\/uploads\/2026\/03\/Andrzejowka8-1024x371.jpg\" alt=\"\" class=\"wp-image-172\" srcset=\"https:\/\/andrzejowka-janowiec.pl\/wp-content\/uploads\/2026\/03\/Andrzejowka8-1024x371.jpg 1024w, https:\/\/andrzejowka-janowiec.pl\/wp-content\/uploads\/2026\/03\/Andrzejowka8-300x109.jpg 300w, https:\/\/andrzejowka-janowiec.pl\/wp-content\/uploads\/2026\/03\/Andrzejowka8-768x278.jpg 768w, https:\/\/andrzejowka-janowiec.pl\/wp-content\/uploads\/2026\/03\/Andrzejowka8-18x7.jpg 18w, https:\/\/andrzejowka-janowiec.pl\/wp-content\/uploads\/2026\/03\/Andrzejowka8.jpg 1280w\" sizes=\"auto, (max-width: 1024px) 100vw, 1024px\" \/><\/figure>\n\n\n\n<figure class=\"wp-block-image size-large\"><img loading=\"lazy\" decoding=\"async\" width=\"1024\" height=\"682\" data-id=\"168\" src=\"https:\/\/andrzejowka-janowiec.pl\/wp-content\/uploads\/2026\/03\/Andrzejowka4-1024x682.jpg\" alt=\"\" class=\"wp-image-168\" srcset=\"https:\/\/andrzejowka-janowiec.pl\/wp-content\/uploads\/2026\/03\/Andrzejowka4-1024x682.jpg 1024w, https:\/\/andrzejowka-janowiec.pl\/wp-content\/uploads\/2026\/03\/Andrzejowka4-300x200.jpg 300w, https:\/\/andrzejowka-janowiec.pl\/wp-content\/uploads\/2026\/03\/Andrzejowka4-768x512.jpg 768w, https:\/\/andrzejowka-janowiec.pl\/wp-content\/uploads\/2026\/03\/Andrzejowka4-18x12.jpg 18w, https:\/\/andrzejowka-janowiec.pl\/wp-content\/uploads\/2026\/03\/Andrzejowka4.jpg 1280w\" sizes=\"auto, (max-width: 1024px) 100vw, 1024px\" \/><\/figure>\n<\/figure>\n<\/div>","protected":false},"excerpt":{"rendered":"<p>Domek znajduje si\u0119 w wydzielonej cz\u0119\u015bci ogrodu do wy\u0142\u0105cznej dyspozycji jego go\u015bci. Jest przeznaczony dla maksymalnie 4 os\u00f3b. Ma niewielk\u0105 werand\u0119, a obok cz\u0119\u015b\u0107 rekreacyjn\u0105 z piecem do grillowania. Wn\u0119trze jest dwupoziomowe. Na parterze jest niedu\u017cy salonik z aneksem kuchennym, a na antresoli sypialnia. Wyposa\u017cenie<\/p>","protected":false},"author":1,"featured_media":0,"parent":0,"menu_order":0,"comment_status":"closed","ping_status":"closed","template":"page-with-title","meta":{"footnotes":""},"class_list":["post-256","page","type-page","status-publish","hentry"],"_links":{"self":[{"href":"https:\/\/andrzejowka-janowiec.pl\/en\/wp-json\/wp\/v2\/pages\/256","targetHints":{"allow":["GET"]}}],"collection":[{"href":"https:\/\/andrzejowka-janowiec.pl\/en\/wp-json\/wp\/v2\/pages"}],"about":[{"href":"https:\/\/andrzejowka-janowiec.pl\/en\/wp-json\/wp\/v2\/types\/page"}],"author":[{"embeddable":true,"href":"https:\/\/andrzejowka-janowiec.pl\/en\/wp-json\/wp\/v2\/users\/1"}],"replies":[{"embeddable":true,"href":"https:\/\/andrzejowka-janowiec.pl\/en\/wp-json\/wp\/v2\/comments?post=256"}],"version-history":[{"count":10,"href":"https:\/\/andrzejowka-janowiec.pl\/en\/wp-json\/wp\/v2\/pages\/256\/revisions"}],"predecessor-version":[{"id":440,"href":"https:\/\/andrzejowka-janowiec.pl\/en\/wp-json\/wp\/v2\/pages\/256\/revisions\/440"}],"wp:attachment":[{"href":"https:\/\/andrzejowka-janowiec.pl\/en\/wp-json\/wp\/v2\/media?parent=256"}],"curies":[{"name":"wp","href":"https:\/\/api.w.org\/{rel}","templated":true}]}}