{"id":265,"date":"2026-03-15T21:16:49","date_gmt":"2026-03-15T21:16:49","guid":{"rendered":"https:\/\/andrzejowka-janowiec.pl\/?page_id=265"},"modified":"2026-04-04T20:15:45","modified_gmt":"2026-04-04T20:15:45","slug":"studio","status":"publish","type":"page","link":"https:\/\/andrzejowka-janowiec.pl\/en\/studio\/","title":{"rendered":"Studio"},"content":{"rendered":"<div class=\"wp-block-group alignfull is-style-ext-preset--group--natural-1--section ext-animate--on has-background-background-color has-background has-global-padding is-layout-constrained wp-container-core-group-is-layout-e955bbaf wp-block-group-is-layout-constrained\" style=\"margin-top:0;margin-bottom:0;padding-top:var(--wp--preset--spacing--70);padding-bottom:var(--wp--preset--spacing--70)\">\n<div class=\"wp-block-group alignwide ext-is-logical-start ext-animate--on has-global-padding is-content-justification-left is-layout-constrained wp-container-core-group-is-layout-6729bdbe wp-block-group-is-layout-constrained\">\n<h2 class=\"wp-block-heading ext-animate--on\"><\/h2>\n\n\n\n<p class=\"has-text-align-left ext-animate--on\"><\/p>\n<\/div>\n\n\n\n<div class=\"wp-block-columns alignwide ext-animate--on is-layout-flex wp-container-core-columns-is-layout-174606dc wp-block-columns-is-layout-flex\">\n<div class=\"wp-block-column is-vertically-aligned-stretch ext-animate--on is-layout-flow wp-container-core-column-is-layout-119bc444 wp-block-column-is-layout-flow\">\n<figure class=\"wp-block-image size-large\"><img loading=\"lazy\" decoding=\"async\" width=\"1024\" height=\"562\" src=\"https:\/\/andrzejowka-janowiec.pl\/wp-content\/uploads\/2026\/03\/Andrzejowka14-1024x562.jpg\" alt=\"\" class=\"wp-image-198\" srcset=\"https:\/\/andrzejowka-janowiec.pl\/wp-content\/uploads\/2026\/03\/Andrzejowka14-1024x562.jpg 1024w, https:\/\/andrzejowka-janowiec.pl\/wp-content\/uploads\/2026\/03\/Andrzejowka14-300x165.jpg 300w, https:\/\/andrzejowka-janowiec.pl\/wp-content\/uploads\/2026\/03\/Andrzejowka14-768x422.jpg 768w, https:\/\/andrzejowka-janowiec.pl\/wp-content\/uploads\/2026\/03\/Andrzejowka14-18x10.jpg 18w, https:\/\/andrzejowka-janowiec.pl\/wp-content\/uploads\/2026\/03\/Andrzejowka14.jpg 1280w\" sizes=\"auto, (max-width: 1024px) 100vw, 1024px\" \/><\/figure>\n<\/div>\n\n\n\n<div class=\"wp-block-column is-vertically-aligned-center ext-animate--on is-layout-flow wp-block-column-is-layout-flow\">\n<div class=\"wp-block-group is-style-ext-preset--group--natural-1--item-card-1--align-start ext-animate--on has-global-padding is-layout-constrained wp-block-group-is-layout-constrained is-style-ext-preset--group--natural-1--item-card-1--align-start--2\">\n<div class=\"wp-block-group is-style-default ext-animate--on has-global-padding is-layout-constrained wp-block-group-is-layout-constrained\">\n<div class=\"wp-block-group ext-animate--on is-nowrap is-layout-flex wp-container-core-group-is-layout-64fa2afa wp-block-group-is-layout-flex\" style=\"padding-top:0;padding-right:0;padding-bottom:0;padding-left:0\">\n<div class=\"wp-block-group ext-animate--on wp-container-content-958eb9dc has-global-padding is-layout-constrained wp-container-core-group-is-layout-c06d165c wp-block-group-is-layout-constrained\" style=\"padding-top:0;padding-right:0;padding-bottom:0;padding-left:0\">\n<h3 class=\"wp-block-heading ext-animate--on\"><\/h3>\n\n\n\n<p class=\"ext-animate--on\">Klimatyczny apartament z osobnym wej\u015bciem, przeznaczony dla dw\u00f3ch os\u00f3b. Z aneksem kuchennym, du\u017c\u0105 \u0142azienk\u0105 i zadaszon\u0105 werand\u0105 do wy\u0142\u0105cznej dyspozycji go\u015bci apartamentu. <\/p>\n\n\n\n<p>Wyposa\u017cenie:<\/p>\n\n\n\n<ul class=\"wp-block-list\">\n<li>wyposa\u017cony aneks kuchenny<\/li>\n\n\n\n<li>\u0142azienka z prysznicem<\/li>\n\n\n\n<li>\u0142\u00f3\u017cko dwuosobowe<\/li>\n\n\n\n<li>le\u017canka (mo\u017ce s\u0142u\u017cy\u0107 jako dodatkowe \u0142\u00f3\u017cko)<\/li>\n\n\n\n<li>st\u00f3\u0142 z krzes\u0142ami<\/li>\n\n\n\n<li>meble tarasowe<\/li>\n<\/ul>\n<\/div>\n<\/div>\n<\/div>\n<\/div>\n\n\n\n<div class=\"wp-block-group is-style-ext-preset--group--natural-1--item-card-1--align-start ext-animate--on has-global-padding is-layout-constrained wp-block-group-is-layout-constrained is-style-ext-preset--group--natural-1--item-card-1--align-start--3\">\n<div class=\"wp-block-group is-style-default ext-animate--on has-global-padding is-layout-constrained wp-block-group-is-layout-constrained\">\n<div class=\"wp-block-group ext-animate--on is-nowrap is-layout-flex wp-container-core-group-is-layout-64fa2afa wp-block-group-is-layout-flex\" style=\"padding-top:0;padding-right:0;padding-bottom:0;padding-left:0\">\n<div class=\"wp-block-group ext-animate--on wp-container-content-958eb9dc has-global-padding is-layout-constrained wp-container-core-group-is-layout-c06d165c wp-block-group-is-layout-constrained\" style=\"padding-top:0;padding-right:0;padding-bottom:0;padding-left:0\">\n<h3 class=\"wp-block-heading ext-animate--on\"><\/h3>\n<\/div>\n<\/div>\n<\/div>\n<\/div>\n\n\n\n<div class=\"wp-block-group is-style-ext-preset--group--natural-1--item-card-1--align-start ext-animate--on has-global-padding is-layout-constrained wp-block-group-is-layout-constrained is-style-ext-preset--group--natural-1--item-card-1--align-start--4\"><\/div>\n<\/div>\n<\/div>\n<\/div>\n\n\n\n<div class=\"wp-block-columns is-layout-flex wp-container-core-columns-is-layout-28f84493 wp-block-columns-is-layout-flex\">\n<div class=\"wp-block-column is-layout-flow wp-block-column-is-layout-flow\" style=\"flex-basis:100%\">\n<div class=\"wp-block-group alignfull is-style-ext-preset--group--natural-1--section ext-animate--on has-tertiary-background-color has-background has-global-padding is-layout-constrained wp-container-core-group-is-layout-f72f1611 wp-block-group-is-layout-constrained\" style=\"margin-top:0;margin-bottom:0;padding-top:var(--wp--preset--spacing--70);padding-bottom:var(--wp--preset--spacing--70)\">\n<div class=\"wp-block-group alignwide ext-is-logical-start ext-animate--on has-global-padding is-content-justification-left is-layout-constrained wp-container-core-group-is-layout-6729bdbe wp-block-group-is-layout-constrained\">\n<figure class=\"wp-block-gallery has-nested-images columns-default is-cropped wp-block-gallery-6 is-layout-flex wp-block-gallery-is-layout-flex\">\n<figure class=\"wp-block-image size-large\"><img loading=\"lazy\" decoding=\"async\" width=\"1024\" height=\"682\" data-id=\"215\" src=\"https:\/\/andrzejowka-janowiec.pl\/wp-content\/uploads\/2026\/03\/Andrzejowka11-1024x682.jpg\" alt=\"\" class=\"wp-image-215\" srcset=\"https:\/\/andrzejowka-janowiec.pl\/wp-content\/uploads\/2026\/03\/Andrzejowka11-1024x682.jpg 1024w, https:\/\/andrzejowka-janowiec.pl\/wp-content\/uploads\/2026\/03\/Andrzejowka11-300x200.jpg 300w, https:\/\/andrzejowka-janowiec.pl\/wp-content\/uploads\/2026\/03\/Andrzejowka11-768x512.jpg 768w, https:\/\/andrzejowka-janowiec.pl\/wp-content\/uploads\/2026\/03\/Andrzejowka11-18x12.jpg 18w, https:\/\/andrzejowka-janowiec.pl\/wp-content\/uploads\/2026\/03\/Andrzejowka11.jpg 1280w\" sizes=\"auto, (max-width: 1024px) 100vw, 1024px\" \/><\/figure>\n\n\n\n<figure class=\"wp-block-image size-large\"><img loading=\"lazy\" decoding=\"async\" width=\"1024\" height=\"682\" data-id=\"214\" src=\"https:\/\/andrzejowka-janowiec.pl\/wp-content\/uploads\/2026\/03\/Andrzejowka43-1024x682.jpg\" alt=\"\" class=\"wp-image-214\" srcset=\"https:\/\/andrzejowka-janowiec.pl\/wp-content\/uploads\/2026\/03\/Andrzejowka43-1024x682.jpg 1024w, https:\/\/andrzejowka-janowiec.pl\/wp-content\/uploads\/2026\/03\/Andrzejowka43-300x200.jpg 300w, https:\/\/andrzejowka-janowiec.pl\/wp-content\/uploads\/2026\/03\/Andrzejowka43-768x512.jpg 768w, https:\/\/andrzejowka-janowiec.pl\/wp-content\/uploads\/2026\/03\/Andrzejowka43-18x12.jpg 18w, https:\/\/andrzejowka-janowiec.pl\/wp-content\/uploads\/2026\/03\/Andrzejowka43.jpg 1280w\" sizes=\"auto, (max-width: 1024px) 100vw, 1024px\" \/><\/figure>\n\n\n\n<figure class=\"wp-block-image size-large\"><img loading=\"lazy\" decoding=\"async\" width=\"1024\" height=\"682\" data-id=\"208\" src=\"https:\/\/andrzejowka-janowiec.pl\/wp-content\/uploads\/2026\/03\/Andrzejowka34-1024x682.jpg\" alt=\"\" class=\"wp-image-208\" srcset=\"https:\/\/andrzejowka-janowiec.pl\/wp-content\/uploads\/2026\/03\/Andrzejowka34-1024x682.jpg 1024w, https:\/\/andrzejowka-janowiec.pl\/wp-content\/uploads\/2026\/03\/Andrzejowka34-300x200.jpg 300w, https:\/\/andrzejowka-janowiec.pl\/wp-content\/uploads\/2026\/03\/Andrzejowka34-768x512.jpg 768w, https:\/\/andrzejowka-janowiec.pl\/wp-content\/uploads\/2026\/03\/Andrzejowka34-18x12.jpg 18w, https:\/\/andrzejowka-janowiec.pl\/wp-content\/uploads\/2026\/03\/Andrzejowka34.jpg 1280w\" sizes=\"auto, (max-width: 1024px) 100vw, 1024px\" \/><\/figure>\n\n\n\n<figure class=\"wp-block-image size-large\"><img loading=\"lazy\" decoding=\"async\" width=\"1024\" height=\"682\" data-id=\"206\" src=\"https:\/\/andrzejowka-janowiec.pl\/wp-content\/uploads\/2026\/03\/Andrzejowka30-1024x682.jpg\" alt=\"\" class=\"wp-image-206\" srcset=\"https:\/\/andrzejowka-janowiec.pl\/wp-content\/uploads\/2026\/03\/Andrzejowka30-1024x682.jpg 1024w, https:\/\/andrzejowka-janowiec.pl\/wp-content\/uploads\/2026\/03\/Andrzejowka30-300x200.jpg 300w, https:\/\/andrzejowka-janowiec.pl\/wp-content\/uploads\/2026\/03\/Andrzejowka30-768x512.jpg 768w, https:\/\/andrzejowka-janowiec.pl\/wp-content\/uploads\/2026\/03\/Andrzejowka30-18x12.jpg 18w, https:\/\/andrzejowka-janowiec.pl\/wp-content\/uploads\/2026\/03\/Andrzejowka30.jpg 1280w\" sizes=\"auto, (max-width: 1024px) 100vw, 1024px\" \/><\/figure>\n\n\n\n<figure class=\"wp-block-image size-large\"><img loading=\"lazy\" decoding=\"async\" width=\"1024\" height=\"682\" data-id=\"207\" src=\"https:\/\/andrzejowka-janowiec.pl\/wp-content\/uploads\/2026\/03\/Andrzejowka32-1024x682.jpg\" alt=\"\" class=\"wp-image-207\" srcset=\"https:\/\/andrzejowka-janowiec.pl\/wp-content\/uploads\/2026\/03\/Andrzejowka32-1024x682.jpg 1024w, https:\/\/andrzejowka-janowiec.pl\/wp-content\/uploads\/2026\/03\/Andrzejowka32-300x200.jpg 300w, https:\/\/andrzejowka-janowiec.pl\/wp-content\/uploads\/2026\/03\/Andrzejowka32-768x512.jpg 768w, https:\/\/andrzejowka-janowiec.pl\/wp-content\/uploads\/2026\/03\/Andrzejowka32-18x12.jpg 18w, https:\/\/andrzejowka-janowiec.pl\/wp-content\/uploads\/2026\/03\/Andrzejowka32.jpg 1280w\" sizes=\"auto, (max-width: 1024px) 100vw, 1024px\" \/><\/figure>\n\n\n\n<figure class=\"wp-block-image size-large\"><img loading=\"lazy\" decoding=\"async\" width=\"944\" height=\"1024\" data-id=\"211\" src=\"https:\/\/andrzejowka-janowiec.pl\/wp-content\/uploads\/2026\/03\/Andrzejowka37-944x1024.jpg\" alt=\"\" class=\"wp-image-211\" srcset=\"https:\/\/andrzejowka-janowiec.pl\/wp-content\/uploads\/2026\/03\/Andrzejowka37-944x1024.jpg 944w, https:\/\/andrzejowka-janowiec.pl\/wp-content\/uploads\/2026\/03\/Andrzejowka37-277x300.jpg 277w, https:\/\/andrzejowka-janowiec.pl\/wp-content\/uploads\/2026\/03\/Andrzejowka37-768x833.jpg 768w, https:\/\/andrzejowka-janowiec.pl\/wp-content\/uploads\/2026\/03\/Andrzejowka37-11x12.jpg 11w, https:\/\/andrzejowka-janowiec.pl\/wp-content\/uploads\/2026\/03\/Andrzejowka37.jpg 1180w\" sizes=\"auto, (max-width: 944px) 100vw, 944px\" \/><\/figure>\n\n\n\n<figure class=\"wp-block-image size-large\"><img loading=\"lazy\" decoding=\"async\" width=\"1024\" height=\"632\" data-id=\"205\" src=\"https:\/\/andrzejowka-janowiec.pl\/wp-content\/uploads\/2026\/03\/Andrzejowka29-1024x632.jpg\" alt=\"\" class=\"wp-image-205\" srcset=\"https:\/\/andrzejowka-janowiec.pl\/wp-content\/uploads\/2026\/03\/Andrzejowka29-1024x632.jpg 1024w, https:\/\/andrzejowka-janowiec.pl\/wp-content\/uploads\/2026\/03\/Andrzejowka29-300x185.jpg 300w, https:\/\/andrzejowka-janowiec.pl\/wp-content\/uploads\/2026\/03\/Andrzejowka29-768x474.jpg 768w, https:\/\/andrzejowka-janowiec.pl\/wp-content\/uploads\/2026\/03\/Andrzejowka29-18x12.jpg 18w, https:\/\/andrzejowka-janowiec.pl\/wp-content\/uploads\/2026\/03\/Andrzejowka29.jpg 1280w\" sizes=\"auto, (max-width: 1024px) 100vw, 1024px\" \/><\/figure>\n\n\n\n<figure class=\"wp-block-image size-large\"><img loading=\"lazy\" decoding=\"async\" width=\"1024\" height=\"694\" data-id=\"202\" src=\"https:\/\/andrzejowka-janowiec.pl\/wp-content\/uploads\/2026\/03\/Andrzejowka20-1024x694.jpg\" alt=\"\" class=\"wp-image-202\" srcset=\"https:\/\/andrzejowka-janowiec.pl\/wp-content\/uploads\/2026\/03\/Andrzejowka20-1024x694.jpg 1024w, https:\/\/andrzejowka-janowiec.pl\/wp-content\/uploads\/2026\/03\/Andrzejowka20-300x203.jpg 300w, https:\/\/andrzejowka-janowiec.pl\/wp-content\/uploads\/2026\/03\/Andrzejowka20-768x521.jpg 768w, https:\/\/andrzejowka-janowiec.pl\/wp-content\/uploads\/2026\/03\/Andrzejowka20-18x12.jpg 18w, https:\/\/andrzejowka-janowiec.pl\/wp-content\/uploads\/2026\/03\/Andrzejowka20.jpg 1280w\" sizes=\"auto, (max-width: 1024px) 100vw, 1024px\" \/><\/figure>\n<\/figure>\n<\/div>\n<\/div>\n<\/div>\n<\/div>","protected":false},"excerpt":{"rendered":"<p>Klimatyczny apartament z osobnym wej\u015bciem, przeznaczony dla dw\u00f3ch os\u00f3b. Z aneksem kuchennym, du\u017c\u0105 \u0142azienk\u0105 i zadaszon\u0105 werand\u0105 do wy\u0142\u0105cznej dyspozycji go\u015bci apartamentu. Wyposa\u017cenie:<\/p>","protected":false},"author":1,"featured_media":0,"parent":0,"menu_order":0,"comment_status":"closed","ping_status":"closed","template":"page-with-title","meta":{"footnotes":""},"class_list":["post-265","page","type-page","status-publish","hentry"],"_links":{"self":[{"href":"https:\/\/andrzejowka-janowiec.pl\/en\/wp-json\/wp\/v2\/pages\/265","targetHints":{"allow":["GET"]}}],"collection":[{"href":"https:\/\/andrzejowka-janowiec.pl\/en\/wp-json\/wp\/v2\/pages"}],"about":[{"href":"https:\/\/andrzejowka-janowiec.pl\/en\/wp-json\/wp\/v2\/types\/page"}],"author":[{"embeddable":true,"href":"https:\/\/andrzejowka-janowiec.pl\/en\/wp-json\/wp\/v2\/users\/1"}],"replies":[{"embeddable":true,"href":"https:\/\/andrzejowka-janowiec.pl\/en\/wp-json\/wp\/v2\/comments?post=265"}],"version-history":[{"count":8,"href":"https:\/\/andrzejowka-janowiec.pl\/en\/wp-json\/wp\/v2\/pages\/265\/revisions"}],"predecessor-version":[{"id":443,"href":"https:\/\/andrzejowka-janowiec.pl\/en\/wp-json\/wp\/v2\/pages\/265\/revisions\/443"}],"wp:attachment":[{"href":"https:\/\/andrzejowka-janowiec.pl\/en\/wp-json\/wp\/v2\/media?parent=265"}],"curies":[{"name":"wp","href":"https:\/\/api.w.org\/{rel}","templated":true}]}}