{"id":419,"date":"2026-04-04T19:13:14","date_gmt":"2026-04-04T19:13:14","guid":{"rendered":"https:\/\/andrzejowka-janowiec.pl\/?page_id=419"},"modified":"2026-04-04T20:48:09","modified_gmt":"2026-04-04T20:48:09","slug":"okolica","status":"publish","type":"page","link":"https:\/\/andrzejowka-janowiec.pl\/en\/okolica\/","title":{"rendered":"Okolica"},"content":{"rendered":"<h2 class=\"wp-block-heading has-text-align-center\">Region pe\u0142en skarb\u00f3w<\/h2>\n\n\n\n<figure class=\"wp-block-image size-large\"><img loading=\"lazy\" decoding=\"async\" width=\"1024\" height=\"683\" src=\"https:\/\/andrzejowka-janowiec.pl\/wp-content\/uploads\/2026\/03\/zamek-Janowiec-1024x683.jpg\" alt=\"\" class=\"wp-image-332\" srcset=\"https:\/\/andrzejowka-janowiec.pl\/wp-content\/uploads\/2026\/03\/zamek-Janowiec-1024x683.jpg 1024w, https:\/\/andrzejowka-janowiec.pl\/wp-content\/uploads\/2026\/03\/zamek-Janowiec-300x200.jpg 300w, https:\/\/andrzejowka-janowiec.pl\/wp-content\/uploads\/2026\/03\/zamek-Janowiec-768x512.jpg 768w, https:\/\/andrzejowka-janowiec.pl\/wp-content\/uploads\/2026\/03\/zamek-Janowiec-18x12.jpg 18w, https:\/\/andrzejowka-janowiec.pl\/wp-content\/uploads\/2026\/03\/zamek-Janowiec.jpg 1166w\" sizes=\"auto, (max-width: 1024px) 100vw, 1024px\" \/><\/figure>\n\n\n\n<p>Lokalizacja naszego domu to doskona\u0142a baza wypadowa do zwiedzania \u201eZ\u0142otego Tr\u00f3jk\u0105ta\u201d Lubelszczyzny:<\/p>\n\n\n\n<ul class=\"wp-block-list\">\n<li><strong>Janowiec:<\/strong>\u00a0Tu\u017c obok majestatyczne ruiny zamku Firlej\u00f3w oraz urokliwy skansen.<\/li>\n\n\n\n<li>Rodzinny Park Rozrywki <strong><a href=\"https:\/\/www.google.com\/aclk?sa=L&amp;pf=1&amp;ai=DChsSEwii6tC4iNWTAxUnaUECHafZKFMYACICCAEQABoCd3M&amp;co=1&amp;ase=2&amp;gclid=Cj0KCQjw7cLOBhDmARIsAGsuA0mCxgp7qGzTNpzxwURgI36SwGHxJtBUoIz-xcD0H_jQ6scKacihQ8saAuqxEALw_wcB&amp;ei=o3jRaYfJNMyfi-gPlbnXqQw&amp;cce=2&amp;category=acrcp_v1_32&amp;sig=AOD64_2Da7kLM6rAtTV_innkLMsz8Hkj6w&amp;q&amp;sqi=2&amp;nis=4&amp;adurl=https:\/\/magiczneogrody.com\/?gad_source%3D1%26gad_campaignid%3D22344678889%26gbraid%3D0AAAAADDQBD_wPw7osRKyBnZmzk9PtD4nU%26gclid%3DCj0KCQjw7cLOBhDmARIsAGsuA0mCxgp7qGzTNpzxwURgI36SwGHxJtBUoIz-xcD0H_jQ6scKacihQ8saAuqxEALw_wcB&amp;ved=2ahUKEwjHpsm4iNWTAxXMzwIHHZXcNcUQ0Qx6BAgZEAE\">&#8222;Magiczne Ogrody&#8221;<\/a><\/strong><\/li>\n\n\n\n<li><strong>Kazimierz Dolny:<\/strong>\u00a0Miasto artyst\u00f3w, renesansowych kamienic, muze\u00f3w i galerii.<\/li>\n\n\n\n<li><strong>Pu\u0142awy:<\/strong>\u00a0Zesp\u00f3\u0142 pa\u0142acowo-parkowy ksi\u0105\u017c\u0105t Czartoryskich, nazywany niegdy\u015b \u201ePolskimi Atenami\u201d.<\/li>\n<\/ul>\n\n\n\n<h2 class=\"wp-block-heading has-text-align-center\">Panorama Prze\u0142omu Wis\u0142y<\/h2>\n\n\n\n<figure class=\"wp-block-image size-full\"><img loading=\"lazy\" decoding=\"async\" width=\"1024\" height=\"682\" src=\"https:\/\/andrzejowka-janowiec.pl\/wp-content\/uploads\/2026\/03\/Wisla.jpg\" alt=\"\" class=\"wp-image-327\" srcset=\"https:\/\/andrzejowka-janowiec.pl\/wp-content\/uploads\/2026\/03\/Wisla.jpg 1024w, https:\/\/andrzejowka-janowiec.pl\/wp-content\/uploads\/2026\/03\/Wisla-300x200.jpg 300w, https:\/\/andrzejowka-janowiec.pl\/wp-content\/uploads\/2026\/03\/Wisla-768x512.jpg 768w, https:\/\/andrzejowka-janowiec.pl\/wp-content\/uploads\/2026\/03\/Wisla-18x12.jpg 18w\" sizes=\"auto, (max-width: 1024px) 100vw, 1024px\" \/><figcaption class=\"wp-element-caption\">Photo by: Krzysztof W\u00f3jcik<\/figcaption><\/figure>\n\n\n\n<p class=\"has-text-align-center\">Wystarczy kr\u00f3tki spacer na poblisk\u0105 skarp\u0119 wi\u015blan\u0105, by stan\u0105\u0107 oko w oko z jednym z najpi\u0119kniejszych widok\u00f3w w Polsce. Z wysoko\u015bci rozpo\u015bciera si\u0119 malownicza panorama na dolin\u0119 rzeki oraz po\u0142o\u017cony po drugiej stronie Kazimierz Dolny.<\/p>\n\n\n\n<p><\/p>\n\n\n\n<h2 class=\"wp-block-heading has-text-align-center\">Dwa brzegi, wiele mo\u017cliwo\u015bci<\/h2>\n\n\n\n<figure class=\"wp-block-image size-large\"><img loading=\"lazy\" decoding=\"async\" width=\"1024\" height=\"682\" src=\"https:\/\/andrzejowka-janowiec.pl\/wp-content\/uploads\/2026\/03\/Kazimierz-Dolny-1024x682.jpg\" alt=\"\" class=\"wp-image-320\" srcset=\"https:\/\/andrzejowka-janowiec.pl\/wp-content\/uploads\/2026\/03\/Kazimierz-Dolny-1024x682.jpg 1024w, https:\/\/andrzejowka-janowiec.pl\/wp-content\/uploads\/2026\/03\/Kazimierz-Dolny-300x200.jpg 300w, https:\/\/andrzejowka-janowiec.pl\/wp-content\/uploads\/2026\/03\/Kazimierz-Dolny-768x512.jpg 768w, https:\/\/andrzejowka-janowiec.pl\/wp-content\/uploads\/2026\/03\/Kazimierz-Dolny-18x12.jpg 18w, https:\/\/andrzejowka-janowiec.pl\/wp-content\/uploads\/2026\/03\/Kazimierz-Dolny.jpg 1225w\" sizes=\"auto, (max-width: 1024px) 100vw, 1024px\" \/><\/figure>\n\n\n\n<p class=\"has-text-align-center\">Dzi\u0119ki kursuj\u0105cemu w pobli\u017cu promowi, przeprawa przez Wis\u0142\u0119 staje si\u0119 atrakcj\u0105 sam\u0105 w sobie. W kilkana\u015bcie minut mo\u017cecie Pa\u0144stwo przenie\u015b\u0107 si\u0119 z zacisznego, spokojnego Janowca wprost do t\u0119tni\u0105cego artystycznym \u017cyciem Kazimierza Dolnego.<\/p>\n\n\n\n<h2 class=\"wp-block-heading has-text-align-center\">Relaks w rytmie natury<\/h2>\n\n\n\n<figure class=\"wp-block-image size-large\"><img loading=\"lazy\" decoding=\"async\" width=\"1024\" height=\"768\" src=\"https:\/\/andrzejowka-janowiec.pl\/wp-content\/uploads\/2026\/03\/zalew-Janowice-7-1024x768.jpg\" alt=\"\" class=\"wp-image-331\" srcset=\"https:\/\/andrzejowka-janowiec.pl\/wp-content\/uploads\/2026\/03\/zalew-Janowice-7-1024x768.jpg 1024w, https:\/\/andrzejowka-janowiec.pl\/wp-content\/uploads\/2026\/03\/zalew-Janowice-7-300x225.jpg 300w, https:\/\/andrzejowka-janowiec.pl\/wp-content\/uploads\/2026\/03\/zalew-Janowice-7-768x576.jpg 768w, https:\/\/andrzejowka-janowiec.pl\/wp-content\/uploads\/2026\/03\/zalew-Janowice-7-1536x1152.jpg 1536w, https:\/\/andrzejowka-janowiec.pl\/wp-content\/uploads\/2026\/03\/zalew-Janowice-7-2048x1536.jpg 2048w, https:\/\/andrzejowka-janowiec.pl\/wp-content\/uploads\/2026\/03\/zalew-Janowice-7-16x12.jpg 16w\" sizes=\"auto, (max-width: 1024px) 100vw, 1024px\" \/><\/figure>\n\n\n\n<p class=\"has-text-align-center\">Mi\u0142o\u015bnicy aktywnego sp\u0119dzania czasu znajd\u0105 tu liczne trasy rowerowe, kt\u00f3re prowadz\u0105 przez lessowe w\u0105wozy, sady i nadwi\u015bla\u0144skie \u0142\u0119gi. Je\u015bli zat\u0119skni\u0105 Pa\u0144stwo za wod\u0105 i cieniem drzew, zaledwie kilka kilometr\u00f3w dalej znajduje si\u0119 zalew z urz\u0105dzonym k\u0105pieliskiem, otoczony lasami.<\/p>","protected":false},"excerpt":{"rendered":"<p>Region pe\u0142en skarb\u00f3w Lokalizacja naszego domu to doskona\u0142a baza wypadowa do zwiedzania \u201eZ\u0142otego Tr\u00f3jk\u0105ta\u201d Lubelszczyzny: Panorama Prze\u0142omu Wis\u0142y Wystarczy kr\u00f3tki spacer na poblisk\u0105 skarp\u0119 wi\u015blan\u0105, by stan\u0105\u0107 oko w oko z jednym z najpi\u0119kniejszych widok\u00f3w w Polsce. Z wysoko\u015bci rozpo\u015bciera si\u0119 malownicza panorama na dolin\u0119 rzeki oraz po\u0142o\u017cony po drugiej stronie Kazimierz Dolny. Dwa brzegi, [&hellip;]<\/p>\n","protected":false},"author":1,"featured_media":0,"parent":0,"menu_order":0,"comment_status":"closed","ping_status":"closed","template":"page-with-title","meta":{"footnotes":""},"class_list":["post-419","page","type-page","status-publish","hentry"],"_links":{"self":[{"href":"https:\/\/andrzejowka-janowiec.pl\/en\/wp-json\/wp\/v2\/pages\/419","targetHints":{"allow":["GET"]}}],"collection":[{"href":"https:\/\/andrzejowka-janowiec.pl\/en\/wp-json\/wp\/v2\/pages"}],"about":[{"href":"https:\/\/andrzejowka-janowiec.pl\/en\/wp-json\/wp\/v2\/types\/page"}],"author":[{"embeddable":true,"href":"https:\/\/andrzejowka-janowiec.pl\/en\/wp-json\/wp\/v2\/users\/1"}],"replies":[{"embeddable":true,"href":"https:\/\/andrzejowka-janowiec.pl\/en\/wp-json\/wp\/v2\/comments?post=419"}],"version-history":[{"count":2,"href":"https:\/\/andrzejowka-janowiec.pl\/en\/wp-json\/wp\/v2\/pages\/419\/revisions"}],"predecessor-version":[{"id":457,"href":"https:\/\/andrzejowka-janowiec.pl\/en\/wp-json\/wp\/v2\/pages\/419\/revisions\/457"}],"wp:attachment":[{"href":"https:\/\/andrzejowka-janowiec.pl\/en\/wp-json\/wp\/v2\/media?parent=419"}],"curies":[{"name":"wp","href":"https:\/\/api.w.org\/{rel}","templated":true}]}}