{"id":57,"date":"2026-03-13T07:51:56","date_gmt":"2026-03-13T07:51:56","guid":{"rendered":"https:\/\/andrzejowka-janowiec.pl\/cennik\/"},"modified":"2026-04-04T21:12:34","modified_gmt":"2026-04-04T21:12:34","slug":"cennik","status":"publish","type":"page","link":"https:\/\/andrzejowka-janowiec.pl\/en\/cennik\/","title":{"rendered":"Price list"},"content":{"rendered":"<div class=\"wp-block-group alignfull is-style-ext-preset--group--natural-1--section has-background-background-color has-background has-global-padding is-content-justification-center is-layout-constrained wp-container-core-group-is-layout-639a11f8 wp-block-group-is-layout-constrained\" id=\"pricing\" style=\"margin-top:0;margin-bottom:0;padding-top:var(--wp--preset--spacing--70);padding-bottom:var(--wp--preset--spacing--70)\">\n<div class=\"wp-block-group alignwide ext-is-logical-start has-global-padding is-content-justification-left is-layout-constrained wp-container-core-group-is-layout-6729bdbe wp-block-group-is-layout-constrained\">\n<p>Wynaj\u0119cie ca\u0142ego domu (maksymalnie 11 miejsc noclegowych) <\/p>\n\n\n\n<ul class=\"wp-block-list\">\n<li>rezerwacja do 6 dni &#8211; 900 z\u0142\/doba<\/li>\n\n\n\n<li>rezerwacja 7 dni i wi\u0119cej &#8211; 800 z\u0142\/doba<\/li>\n<\/ul>\n\n\n\n<p>Wynaj\u0119cie <a href=\"https:\/\/andrzejowka-janowiec.pl\/en\/domek-ogrodnika\/\" data-type=\"page\" data-id=\"256\">Domku Ogrodnika<\/a> (maksymalnie 4 miejsca noclegowe)<\/p>\n\n\n\n<ul class=\"wp-block-list\">\n<li>rezerwacja do 6 dni &#8211; 380 z\u0142\/doba<\/li>\n\n\n\n<li>rezerwacja 7 dni i wi\u0119cej &#8211; 350 z\u0142\/doba<\/li>\n<\/ul>\n\n\n\n<p>Wynaj\u0119cie <a href=\"https:\/\/andrzejowka-janowiec.pl\/en\/uslugi\/\" data-type=\"page\" data-id=\"55\">Apartamentu<\/a> (maksymalnie 4 miejsca noclegowe)<\/p>\n\n\n\n<ul class=\"wp-block-list\">\n<li>rezerwacja do 6 dni &#8211; 360 z\u0142 doba<\/li>\n\n\n\n<li>rezerwacja 7 dni i wi\u0119cej &#8211; 320 z\u0142 doba<\/li>\n<\/ul>\n\n\n\n<p>Wynaj\u0119cie <a href=\"https:\/\/andrzejowka-janowiec.pl\/en\/studio\/\" data-type=\"page\" data-id=\"265\">Studia<\/a> (maksymalnie 3 miejsca noclegowe)<\/p>\n\n\n\n<ul class=\"wp-block-list\">\n<li>rezerwacja do 6 dni &#8211; 300 z\u0142\/doba<\/li>\n\n\n\n<li>rezerwacja 7 dni i wi\u0119cej &#8211; 270 z\u0142\/doba<\/li>\n<\/ul>\n\n\n\n<p>Wynaj\u0119cie <a href=\"https:\/\/andrzejowka-janowiec.pl\/en\/uslugi\/\" data-type=\"page\" data-id=\"55\">Pokoju Rustykalnego<\/a> (maksymalnie 4 miejsca noclegowe)<\/p>\n\n\n\n<ul class=\"wp-block-list\">\n<li>rezerwacja do 6 dni &#8211; 280 z\u0142\/doba<\/li>\n\n\n\n<li>rezerwacja 7 dni i wi\u0119cej &#8211; 250 z\u0142\/doba<\/li>\n<\/ul>\n\n\n\n<p>Wynaj\u0119cie <a href=\"https:\/\/andrzejowka-janowiec.pl\/en\/uslugi\/\" data-type=\"page\" data-id=\"55\">Pokoju Vintage<\/a> (maksymalnie 3 miejsca noclegowe)<\/p>\n\n\n\n<ul class=\"wp-block-list\">\n<li>rezerwacja do 6 dni &#8211; 250 z\u0142 \/doba<\/li>\n\n\n\n<li>rezerwacja 7 dni i wi\u0119cej &#8211; 220 z\u0142\/doba<\/li>\n<\/ul>\n\n\n\n<p>Dla dzieci w wieku do 3 lat udost\u0119pniamy bezp\u0142atnie \u0142\u00f3\u017ceczko turystyczne (bez po\u015bcieli). <\/p>\n\n\n\n<p>Op\u0142ata za pobyt zwierz\u0105t 15 z\u0142\/doba. <\/p>\n\n\n\n<p>Nasza dzia\u0142alno\u015b\u0107 ma charakter sezonowy. Zapraszamy od Maj\u00f3wki do ko\u0144ca wrze\u015bnia. <\/p>\n\n\n\n<p><\/p>\n\n\n\n<p><\/p>\n\n\n\n<p><\/p>\n<\/div>\n<\/div>","protected":false},"excerpt":{"rendered":"<p>Wynaj\u0119cie ca\u0142ego domu (maksymalnie 11 miejsc noclegowych) Wynaj\u0119cie Domku Ogrodnika (maksymalnie 4 miejsca noclegowe) Wynaj\u0119cie Apartamentu (maksymalnie 4 miejsca noclegowe) Wynaj\u0119cie Studia (maksymalnie 3 miejsca noclegowe) Wynaj\u0119cie Pokoju Rustykalnego (maksymalnie 4 miejsca noclegowe) Wynaj\u0119cie Pokoju Vintage (maksymalnie 3 miejsca noclegowe) Dla dzieci w wieku do 3 lat udost\u0119pniamy bezp\u0142atnie \u0142\u00f3\u017ceczko turystyczne (bez po\u015bcieli). Op\u0142ata za [&hellip;]<\/p>\n","protected":false},"author":1,"featured_media":0,"parent":0,"menu_order":0,"comment_status":"closed","ping_status":"closed","template":"page-with-title","meta":{"footnotes":""},"class_list":["post-57","page","type-page","status-publish","hentry"],"_links":{"self":[{"href":"https:\/\/andrzejowka-janowiec.pl\/en\/wp-json\/wp\/v2\/pages\/57","targetHints":{"allow":["GET"]}}],"collection":[{"href":"https:\/\/andrzejowka-janowiec.pl\/en\/wp-json\/wp\/v2\/pages"}],"about":[{"href":"https:\/\/andrzejowka-janowiec.pl\/en\/wp-json\/wp\/v2\/types\/page"}],"author":[{"embeddable":true,"href":"https:\/\/andrzejowka-janowiec.pl\/en\/wp-json\/wp\/v2\/users\/1"}],"replies":[{"embeddable":true,"href":"https:\/\/andrzejowka-janowiec.pl\/en\/wp-json\/wp\/v2\/comments?post=57"}],"version-history":[{"count":5,"href":"https:\/\/andrzejowka-janowiec.pl\/en\/wp-json\/wp\/v2\/pages\/57\/revisions"}],"predecessor-version":[{"id":463,"href":"https:\/\/andrzejowka-janowiec.pl\/en\/wp-json\/wp\/v2\/pages\/57\/revisions\/463"}],"wp:attachment":[{"href":"https:\/\/andrzejowka-janowiec.pl\/en\/wp-json\/wp\/v2\/media?parent=57"}],"curies":[{"name":"wp","href":"https:\/\/api.w.org\/{rel}","templated":true}]}}