{"id":59,"date":"2026-03-13T07:51:56","date_gmt":"2026-03-13T07:51:56","guid":{"rendered":"https:\/\/andrzejowka-janowiec.pl\/strona-glowna\/"},"modified":"2026-04-04T20:50:56","modified_gmt":"2026-04-04T20:50:56","slug":"strona-glowna","status":"publish","type":"page","link":"https:\/\/andrzejowka-janowiec.pl\/en\/","title":{"rendered":"Strona g\u0142\u00f3wna"},"content":{"rendered":"<figure class=\"wp-block-image alignfull ext-animate--on\"><img loading=\"lazy\" decoding=\"async\" width=\"1230\" height=\"455\" src=\"https:\/\/andrzejowka-janowiec.pl\/wp-content\/uploads\/2026\/03\/andrzejowka_1-edited-e1773573703947.jpg\" alt=\"\" class=\"wp-image-247\" srcset=\"https:\/\/andrzejowka-janowiec.pl\/wp-content\/uploads\/2026\/03\/andrzejowka_1-edited-e1773573703947.jpg 1230w, https:\/\/andrzejowka-janowiec.pl\/wp-content\/uploads\/2026\/03\/andrzejowka_1-edited-e1773573703947-300x111.jpg 300w, https:\/\/andrzejowka-janowiec.pl\/wp-content\/uploads\/2026\/03\/andrzejowka_1-edited-e1773573703947-1024x379.jpg 1024w, https:\/\/andrzejowka-janowiec.pl\/wp-content\/uploads\/2026\/03\/andrzejowka_1-edited-e1773573703947-768x284.jpg 768w, https:\/\/andrzejowka-janowiec.pl\/wp-content\/uploads\/2026\/03\/andrzejowka_1-edited-e1773573703947-18x7.jpg 18w\" sizes=\"auto, (max-width: 1230px) 100vw, 1230px\" \/><\/figure>\n\n\n\n<div class=\"wp-block-group alignwide ext-animate--on has-global-padding is-layout-constrained wp-container-core-group-is-layout-9b5fd1f6 wp-block-group-is-layout-constrained\">\n<p class=\"ext-animate--on\"><\/p>\n\n\n\n<h1 class=\"wp-block-heading alignwide has-text-align-center ext-animate--on\"><\/h1>\n\n\n\n<p>Zapraszamy Pa\u0144stwa do wyj\u0105tkowego miejsca na mapie Lubelszczyzny, gdzie natura harmonijnie wsp\u00f3\u0142istnieje z bogat\u0105 histori\u0105. Nasz dom po\u0142o\u017cony jest w sercu Ma\u0142opolskiego Prze\u0142omu Wis\u0142y, na skarpie, w bezpo\u015brednim s\u0105siedztwie urokliwego Janowca. To idealne miejsce dla os\u00f3b szukaj\u0105cych wytchnienia, aktywnego wypoczynku i niezapomnianych widok\u00f3w. We wn\u0119trzach przedmioty i meble z przesz\u0142o\u015bci tworz\u0105 przytulny klimat, a wygodne pokoje gwarantuj\u0105 komfort pobytu.<\/p>\n<\/div>\n\n\n\n<figure class=\"wp-block-gallery has-nested-images columns-default is-cropped wp-block-gallery-1 is-layout-flex wp-block-gallery-is-layout-flex\">\n<figure class=\"wp-block-image size-large\"><img loading=\"lazy\" decoding=\"async\" width=\"480\" height=\"640\" data-id=\"428\" src=\"https:\/\/andrzejowka-janowiec.pl\/wp-content\/uploads\/2026\/04\/IMG_0902-rotated.jpeg\" alt=\"\" class=\"wp-image-428\" srcset=\"https:\/\/andrzejowka-janowiec.pl\/wp-content\/uploads\/2026\/04\/IMG_0902-rotated.jpeg 480w, https:\/\/andrzejowka-janowiec.pl\/wp-content\/uploads\/2026\/04\/IMG_0902-225x300.jpeg 225w, https:\/\/andrzejowka-janowiec.pl\/wp-content\/uploads\/2026\/04\/IMG_0902-9x12.jpeg 9w\" sizes=\"auto, (max-width: 480px) 100vw, 480px\" \/><\/figure>\n\n\n\n<figure class=\"wp-block-image size-large\"><img loading=\"lazy\" decoding=\"async\" width=\"480\" height=\"640\" data-id=\"430\" src=\"https:\/\/andrzejowka-janowiec.pl\/wp-content\/uploads\/2026\/04\/IMG_2228-rotated.jpeg\" alt=\"\" class=\"wp-image-430\" srcset=\"https:\/\/andrzejowka-janowiec.pl\/wp-content\/uploads\/2026\/04\/IMG_2228-rotated.jpeg 480w, https:\/\/andrzejowka-janowiec.pl\/wp-content\/uploads\/2026\/04\/IMG_2228-225x300.jpeg 225w, https:\/\/andrzejowka-janowiec.pl\/wp-content\/uploads\/2026\/04\/IMG_2228-9x12.jpeg 9w\" sizes=\"auto, (max-width: 480px) 100vw, 480px\" \/><\/figure>\n\n\n\n<figure class=\"wp-block-image size-large\"><img loading=\"lazy\" decoding=\"async\" width=\"640\" height=\"640\" data-id=\"433\" src=\"https:\/\/andrzejowka-janowiec.pl\/wp-content\/uploads\/2026\/04\/IMG_2486-rotated.jpeg\" alt=\"\" class=\"wp-image-433\" srcset=\"https:\/\/andrzejowka-janowiec.pl\/wp-content\/uploads\/2026\/04\/IMG_2486-rotated.jpeg 640w, https:\/\/andrzejowka-janowiec.pl\/wp-content\/uploads\/2026\/04\/IMG_2486-300x300.jpeg 300w, https:\/\/andrzejowka-janowiec.pl\/wp-content\/uploads\/2026\/04\/IMG_2486-150x150.jpeg 150w, https:\/\/andrzejowka-janowiec.pl\/wp-content\/uploads\/2026\/04\/IMG_2486-12x12.jpeg 12w\" sizes=\"auto, (max-width: 640px) 100vw, 640px\" \/><\/figure>\n\n\n\n<figure class=\"wp-block-image size-large\"><img loading=\"lazy\" decoding=\"async\" width=\"480\" height=\"640\" data-id=\"434\" src=\"https:\/\/andrzejowka-janowiec.pl\/wp-content\/uploads\/2026\/04\/IMG_6619-rotated.jpeg\" alt=\"\" class=\"wp-image-434\" srcset=\"https:\/\/andrzejowka-janowiec.pl\/wp-content\/uploads\/2026\/04\/IMG_6619-rotated.jpeg 480w, https:\/\/andrzejowka-janowiec.pl\/wp-content\/uploads\/2026\/04\/IMG_6619-225x300.jpeg 225w, https:\/\/andrzejowka-janowiec.pl\/wp-content\/uploads\/2026\/04\/IMG_6619-9x12.jpeg 9w\" sizes=\"auto, (max-width: 480px) 100vw, 480px\" \/><\/figure>\n\n\n\n<figure class=\"wp-block-image size-large\"><img loading=\"lazy\" decoding=\"async\" width=\"480\" height=\"640\" data-id=\"431\" src=\"https:\/\/andrzejowka-janowiec.pl\/wp-content\/uploads\/2026\/04\/IMG_6691-rotated.jpeg\" alt=\"\" class=\"wp-image-431\" srcset=\"https:\/\/andrzejowka-janowiec.pl\/wp-content\/uploads\/2026\/04\/IMG_6691-rotated.jpeg 480w, https:\/\/andrzejowka-janowiec.pl\/wp-content\/uploads\/2026\/04\/IMG_6691-225x300.jpeg 225w, https:\/\/andrzejowka-janowiec.pl\/wp-content\/uploads\/2026\/04\/IMG_6691-9x12.jpeg 9w\" sizes=\"auto, (max-width: 480px) 100vw, 480px\" \/><\/figure>\n<\/figure>\n\n\n\n<p><\/p>\n\n\n\n<div class=\"wp-block-group alignwide ext-is-logical-start has-global-padding is-content-justification-center is-layout-constrained wp-container-core-group-is-layout-b213a085 wp-block-group-is-layout-constrained\">\n<h2 class=\"wp-block-heading has-text-align-center\">Oferta<\/h2>\n\n\n\n<p><\/p>\n\n\n\n<div class=\"wp-block-columns alignwide is-layout-flex wp-container-core-columns-is-layout-08c01c1c wp-block-columns-is-layout-flex\">\n<div class=\"wp-block-column is-vertically-aligned-stretch ext-animate--on is-layout-flow wp-container-core-column-is-layout-f5bb311e wp-block-column-is-layout-flow\">\n<div class=\"wp-block-group is-style-ext-preset--group--natural-1--item-card-1--align-start has-global-padding is-layout-constrained wp-block-group-is-layout-constrained is-style-ext-preset--group--natural-1--item-card-1--align-start--2\">\n<div class=\"wp-block-group is-style-default has-global-padding is-layout-constrained wp-block-group-is-layout-constrained\">\n<h3 class=\"wp-block-heading has-text-align-center\"><a href=\"https:\/\/andrzejowka-janowiec.pl\/en\/uslugi\/\" data-type=\"page\" data-id=\"55\">Andrzej\u00f3wka<\/a><\/h3>\n\n\n\n<figure class=\"wp-block-image size-large\"><img loading=\"lazy\" decoding=\"async\" width=\"1024\" height=\"683\" src=\"https:\/\/andrzejowka-janowiec.pl\/wp-content\/uploads\/2026\/03\/Andrzejowka_5-1024x683.jpg\" alt=\"\" class=\"wp-image-100\" style=\"aspect-ratio:1.4992935550483644\" srcset=\"https:\/\/andrzejowka-janowiec.pl\/wp-content\/uploads\/2026\/03\/Andrzejowka_5-1024x683.jpg 1024w, https:\/\/andrzejowka-janowiec.pl\/wp-content\/uploads\/2026\/03\/Andrzejowka_5-300x200.jpg 300w, https:\/\/andrzejowka-janowiec.pl\/wp-content\/uploads\/2026\/03\/Andrzejowka_5-768x512.jpg 768w, https:\/\/andrzejowka-janowiec.pl\/wp-content\/uploads\/2026\/03\/Andrzejowka_5-18x12.jpg 18w, https:\/\/andrzejowka-janowiec.pl\/wp-content\/uploads\/2026\/03\/Andrzejowka_5.jpg 1476w\" sizes=\"auto, (max-width: 1024px) 100vw, 1024px\" \/><\/figure>\n\n\n\n<p>Nasz g\u0142\u00f3wny dom, w kt\u00f3rym znajduj\u0105 si\u0119 2 pokoje pokoje rodzinne oraz apartament dwupokojowy z aneksem.  <\/p>\n<\/div>\n<\/div>\n<\/div>\n\n\n\n<div class=\"wp-block-column is-vertically-aligned-stretch ext-animate--on is-layout-flow wp-container-core-column-is-layout-f5bb311e wp-block-column-is-layout-flow\">\n<div class=\"wp-block-group is-style-ext-preset--group--natural-1--item-card-1--align-start has-global-padding is-layout-constrained wp-block-group-is-layout-constrained is-style-ext-preset--group--natural-1--item-card-1--align-start--3\">\n<div class=\"wp-block-group is-style-default has-global-padding is-layout-constrained wp-block-group-is-layout-constrained\">\n<h3 class=\"wp-block-heading\"><a href=\"https:\/\/andrzejowka-janowiec.pl\/en\/domek-ogrodnika\/\" data-type=\"page\" data-id=\"256\">Domek Ogrodnika<\/a><\/h3>\n\n\n\n<figure class=\"wp-block-image size-large\"><img loading=\"lazy\" decoding=\"async\" width=\"1024\" height=\"682\" src=\"https:\/\/andrzejowka-janowiec.pl\/wp-content\/uploads\/2026\/03\/Andrzejowka7-1024x682.jpg\" alt=\"\" class=\"wp-image-171\" srcset=\"https:\/\/andrzejowka-janowiec.pl\/wp-content\/uploads\/2026\/03\/Andrzejowka7-1024x682.jpg 1024w, https:\/\/andrzejowka-janowiec.pl\/wp-content\/uploads\/2026\/03\/Andrzejowka7-300x200.jpg 300w, https:\/\/andrzejowka-janowiec.pl\/wp-content\/uploads\/2026\/03\/Andrzejowka7-768x512.jpg 768w, https:\/\/andrzejowka-janowiec.pl\/wp-content\/uploads\/2026\/03\/Andrzejowka7-18x12.jpg 18w, https:\/\/andrzejowka-janowiec.pl\/wp-content\/uploads\/2026\/03\/Andrzejowka7.jpg 1280w\" sizes=\"auto, (max-width: 1024px) 100vw, 1024px\" \/><\/figure>\n\n\n\n<p>Niewielki, kamienno-drewniany domek tu\u017c przy lesie przeznaczony dla maksymalnie 4 os\u00f3b. <\/p>\n<\/div>\n<\/div>\n<\/div>\n\n\n\n<div class=\"wp-block-column is-vertically-aligned-stretch ext-animate--on is-layout-flow wp-container-core-column-is-layout-f5bb311e wp-block-column-is-layout-flow\">\n<div class=\"wp-block-group is-style-ext-preset--group--natural-1--item-card-1--align-start has-global-padding is-layout-constrained wp-block-group-is-layout-constrained is-style-ext-preset--group--natural-1--item-card-1--align-start--4\">\n<div class=\"wp-block-group is-style-default has-global-padding is-layout-constrained wp-block-group-is-layout-constrained\">\n<h3 class=\"wp-block-heading\"><a href=\"https:\/\/andrzejowka-janowiec.pl\/en\/studio\/\" data-type=\"page\" data-id=\"265\">Studio<\/a><\/h3>\n\n\n\n<figure class=\"wp-block-image size-large\"><img loading=\"lazy\" decoding=\"async\" width=\"1024\" height=\"694\" src=\"https:\/\/andrzejowka-janowiec.pl\/wp-content\/uploads\/2026\/03\/Andrzejowka20-1024x694.jpg\" alt=\"\" class=\"wp-image-202\" srcset=\"https:\/\/andrzejowka-janowiec.pl\/wp-content\/uploads\/2026\/03\/Andrzejowka20-1024x694.jpg 1024w, https:\/\/andrzejowka-janowiec.pl\/wp-content\/uploads\/2026\/03\/Andrzejowka20-300x203.jpg 300w, https:\/\/andrzejowka-janowiec.pl\/wp-content\/uploads\/2026\/03\/Andrzejowka20-768x521.jpg 768w, https:\/\/andrzejowka-janowiec.pl\/wp-content\/uploads\/2026\/03\/Andrzejowka20-18x12.jpg 18w, https:\/\/andrzejowka-janowiec.pl\/wp-content\/uploads\/2026\/03\/Andrzejowka20.jpg 1280w\" sizes=\"auto, (max-width: 1024px) 100vw, 1024px\" \/><\/figure>\n\n\n\n<p>Apartament z osobnym wej\u015bciem i romantyczn\u0105 werand\u0105 przeznaczony dla dw\u00f3ch os\u00f3b. <\/p>\n<\/div>\n<\/div>\n<\/div>\n<\/div>\n<\/div>\n\n\n\n<h2 class=\"wp-block-heading has-text-align-center ext-animate--on\"><\/h2>","protected":false},"excerpt":{"rendered":"<p>Zapraszamy Pa\u0144stwa do wyj\u0105tkowego miejsca na mapie Lubelszczyzny, gdzie natura harmonijnie wsp\u00f3\u0142istnieje z bogat\u0105 histori\u0105. Nasz dom po\u0142o\u017cony jest w sercu Ma\u0142opolskiego Prze\u0142omu Wis\u0142y, na skarpie, w bezpo\u015brednim s\u0105siedztwie urokliwego Janowca. To idealne miejsce dla os\u00f3b szukaj\u0105cych wytchnienia, aktywnego wypoczynku i niezapomnianych widok\u00f3w. We wn\u0119trzach przedmioty i meble z przesz\u0142o\u015bci tworz\u0105 przytulny klimat, a wygodne [&hellip;]<\/p>\n","protected":false},"author":1,"featured_media":247,"parent":0,"menu_order":0,"comment_status":"closed","ping_status":"closed","template":"no-title","meta":{"footnotes":""},"class_list":["post-59","page","type-page","status-publish","has-post-thumbnail","hentry"],"_links":{"self":[{"href":"https:\/\/andrzejowka-janowiec.pl\/en\/wp-json\/wp\/v2\/pages\/59","targetHints":{"allow":["GET"]}}],"collection":[{"href":"https:\/\/andrzejowka-janowiec.pl\/en\/wp-json\/wp\/v2\/pages"}],"about":[{"href":"https:\/\/andrzejowka-janowiec.pl\/en\/wp-json\/wp\/v2\/types\/page"}],"author":[{"embeddable":true,"href":"https:\/\/andrzejowka-janowiec.pl\/en\/wp-json\/wp\/v2\/users\/1"}],"replies":[{"embeddable":true,"href":"https:\/\/andrzejowka-janowiec.pl\/en\/wp-json\/wp\/v2\/comments?post=59"}],"version-history":[{"count":35,"href":"https:\/\/andrzejowka-janowiec.pl\/en\/wp-json\/wp\/v2\/pages\/59\/revisions"}],"predecessor-version":[{"id":459,"href":"https:\/\/andrzejowka-janowiec.pl\/en\/wp-json\/wp\/v2\/pages\/59\/revisions\/459"}],"wp:featuredmedia":[{"embeddable":true,"href":"https:\/\/andrzejowka-janowiec.pl\/en\/wp-json\/wp\/v2\/media\/247"}],"wp:attachment":[{"href":"https:\/\/andrzejowka-janowiec.pl\/en\/wp-json\/wp\/v2\/media?parent=59"}],"curies":[{"name":"wp","href":"https:\/\/api.w.org\/{rel}","templated":true}]}}